{"id":89,"date":"2019-06-28T15:15:26","date_gmt":"2019-06-28T13:15:26","guid":{"rendered":"http:\/\/localhost\/bio-hc\/?page_id=89"},"modified":"2022-02-14T14:11:32","modified_gmt":"2022-02-14T13:11:32","slug":"mentions-legales","status":"publish","type":"page","link":"https:\/\/www.bio-hc.fr\/en\/mentions-legales\/","title":{"rendered":"Legal notice"},"content":{"rendered":"<p>Le site internet www.bio-hc.net est la propri\u00e9t\u00e9 de BIO HC SARL.<\/p>\n<p>&nbsp;<\/p>\n<p>Adresse:<\/p>\n<p>Laboratoire BIO-HC<\/p>\n<p class=\"adressText\">Parc d&rsquo;activit\u00e9s de Pessac Magellan<\/p>\n<p class=\"adressText\">14 rue Claude Chappe<\/p>\n<p class=\"adressText\">33600 Pessac<\/p>\n<p class=\"adressText\">France<\/p>\n<p>&nbsp;<\/p>\n<p>Directrice de publication : Alo\u00efs Lemelletier<\/p>\n<p>Webmaster: Alo\u00efs Lemelletier<\/p>\n<p><a style=\"color: #003245\" title=\"M\u00e9t\u00e9orite | Identit\u00e9 graphique | site internet | D\u00e9veloppement web | Graphiste freelance Bordeaux\" href=\"https:\/\/www.atelier-meteorite.fr\" target=\"_blank\" rel=\"noopener noreferrer\">Graphisme, Webdesign : Atelier M\u00e9t\u00e9orite<\/a>, <a href=\"http:\/\/atob.fr\/\">A to B communication,<\/a><\/p>\n<p>&nbsp;<\/p>\n<p>Le site internet est h\u00e9berg\u00e9 par OVH {adresse}.<\/p>\n","protected":false},"excerpt":{"rendered":"<p>Le site internet www.bio-hc.net est la propri\u00e9t\u00e9 de BIO HC SARL. &nbsp; Adresse: Laboratoire BIO-HC Parc d&rsquo;activit\u00e9s de Pessac Magellan 14 rue Claude Chappe 33600 Pessac France &nbsp; Directrice de publication : Alo\u00efs Lemelletier Webmaster: Alo\u00efs Lemelletier Graphisme, Webdesign : Atelier M\u00e9t\u00e9orite, A to B communication, &nbsp; Le site internet est h\u00e9berg\u00e9 par OVH {adresse}.<\/p>\n","protected":false},"author":1,"featured_media":0,"parent":0,"menu_order":0,"comment_status":"closed","ping_status":"closed","template":"mentions.php","meta":{"_acf_changed":false,"_exactmetrics_skip_tracking":false,"_exactmetrics_sitenote_active":false,"_exactmetrics_sitenote_note":"","_exactmetrics_sitenote_category":0,"_monsterinsights_skip_tracking":false,"_monsterinsights_sitenote_active":false,"_monsterinsights_sitenote_note":"","_monsterinsights_sitenote_category":0,"footnotes":""},"class_list":["post-89","page","type-page","status-publish","hentry"],"acf":[],"yoast_head":"<!-- This site is optimized with the Yoast SEO plugin v26.1.1 - https:\/\/yoast.com\/wordpress\/plugins\/seo\/ -->\n<title>Legal notice - BIO HC - EN<\/title>\n<meta name=\"robots\" content=\"noindex, follow, max-snippet:-1, max-image-preview:large, max-video-preview:-1\" \/>\n<meta property=\"og:locale\" content=\"fr_FR\" \/>\n<meta property=\"og:type\" content=\"article\" \/>\n<meta property=\"og:title\" content=\"Legal notice - BIO HC - EN\" \/>\n<meta property=\"og:description\" content=\"Le site internet www.bio-hc.net est la propri\u00e9t\u00e9 de BIO HC SARL. &nbsp; Adresse: Laboratoire BIO-HC Parc d&rsquo;activit\u00e9s de Pessac Magellan 14 rue Claude Chappe 33600 Pessac France &nbsp; Directrice de publication : Alo\u00efs Lemelletier Webmaster: Alo\u00efs Lemelletier Graphisme, Webdesign : Atelier M\u00e9t\u00e9orite, A to B communication, &nbsp; Le site internet est h\u00e9berg\u00e9 par OVH {adresse}.\" \/>\n<meta property=\"og:url\" content=\"https:\/\/www.bio-hc.fr\/en\/mentions-legales\/\" \/>\n<meta property=\"og:site_name\" content=\"BIO HC - EN\" \/>\n<meta property=\"article:modified_time\" content=\"2022-02-14T13:11:32+00:00\" \/>\n<meta name=\"twitter:card\" content=\"summary_large_image\" \/>\n<script type=\"application\/ld+json\" class=\"yoast-schema-graph\">{\"@context\":\"https:\/\/schema.org\",\"@graph\":[{\"@type\":\"WebPage\",\"@id\":\"https:\/\/www.bio-hc.fr\/en\/mentions-legales\/\",\"url\":\"https:\/\/www.bio-hc.fr\/en\/mentions-legales\/\",\"name\":\"Legal notice - BIO HC - EN\",\"isPartOf\":{\"@id\":\"https:\/\/www.bio-hc.fr\/en\/#website\"},\"datePublished\":\"2019-06-28T13:15:26+00:00\",\"dateModified\":\"2022-02-14T13:11:32+00:00\",\"breadcrumb\":{\"@id\":\"https:\/\/www.bio-hc.fr\/en\/mentions-legales\/#breadcrumb\"},\"inLanguage\":\"fr-FR\",\"potentialAction\":[{\"@type\":\"ReadAction\",\"target\":[\"https:\/\/www.bio-hc.fr\/en\/mentions-legales\/\"]}]},{\"@type\":\"BreadcrumbList\",\"@id\":\"https:\/\/www.bio-hc.fr\/en\/mentions-legales\/#breadcrumb\",\"itemListElement\":[{\"@type\":\"ListItem\",\"position\":1,\"name\":\"Accueil\",\"item\":\"https:\/\/www.bio-hc.fr\/en\/\"},{\"@type\":\"ListItem\",\"position\":2,\"name\":\"Legal notice\"}]},{\"@type\":\"WebSite\",\"@id\":\"https:\/\/www.bio-hc.fr\/en\/#website\",\"url\":\"https:\/\/www.bio-hc.fr\/en\/\",\"name\":\"BIO HC - EN\",\"description\":\"Un site utilisant WordPress\",\"potentialAction\":[{\"@type\":\"SearchAction\",\"target\":{\"@type\":\"EntryPoint\",\"urlTemplate\":\"https:\/\/www.bio-hc.fr\/en\/?s={search_term_string}\"},\"query-input\":{\"@type\":\"PropertyValueSpecification\",\"valueRequired\":true,\"valueName\":\"search_term_string\"}}],\"inLanguage\":\"fr-FR\"}]}<\/script>\n<!-- \/ Yoast SEO plugin. -->","yoast_head_json":{"title":"Legal notice - BIO HC - EN","robots":{"index":"noindex","follow":"follow","max-snippet":"max-snippet:-1","max-image-preview":"max-image-preview:large","max-video-preview":"max-video-preview:-1"},"og_locale":"fr_FR","og_type":"article","og_title":"Legal notice - BIO HC - EN","og_description":"Le site internet www.bio-hc.net est la propri\u00e9t\u00e9 de BIO HC SARL. &nbsp; Adresse: Laboratoire BIO-HC Parc d&rsquo;activit\u00e9s de Pessac Magellan 14 rue Claude Chappe 33600 Pessac France &nbsp; Directrice de publication : Alo\u00efs Lemelletier Webmaster: Alo\u00efs Lemelletier Graphisme, Webdesign : Atelier M\u00e9t\u00e9orite, A to B communication, &nbsp; Le site internet est h\u00e9berg\u00e9 par OVH {adresse}.","og_url":"https:\/\/www.bio-hc.fr\/en\/mentions-legales\/","og_site_name":"BIO HC - EN","article_modified_time":"2022-02-14T13:11:32+00:00","twitter_card":"summary_large_image","schema":{"@context":"https:\/\/schema.org","@graph":[{"@type":"WebPage","@id":"https:\/\/www.bio-hc.fr\/en\/mentions-legales\/","url":"https:\/\/www.bio-hc.fr\/en\/mentions-legales\/","name":"Legal notice - BIO HC - EN","isPartOf":{"@id":"https:\/\/www.bio-hc.fr\/en\/#website"},"datePublished":"2019-06-28T13:15:26+00:00","dateModified":"2022-02-14T13:11:32+00:00","breadcrumb":{"@id":"https:\/\/www.bio-hc.fr\/en\/mentions-legales\/#breadcrumb"},"inLanguage":"fr-FR","potentialAction":[{"@type":"ReadAction","target":["https:\/\/www.bio-hc.fr\/en\/mentions-legales\/"]}]},{"@type":"BreadcrumbList","@id":"https:\/\/www.bio-hc.fr\/en\/mentions-legales\/#breadcrumb","itemListElement":[{"@type":"ListItem","position":1,"name":"Accueil","item":"https:\/\/www.bio-hc.fr\/en\/"},{"@type":"ListItem","position":2,"name":"Legal notice"}]},{"@type":"WebSite","@id":"https:\/\/www.bio-hc.fr\/en\/#website","url":"https:\/\/www.bio-hc.fr\/en\/","name":"BIO HC - EN","description":"Un site utilisant WordPress","potentialAction":[{"@type":"SearchAction","target":{"@type":"EntryPoint","urlTemplate":"https:\/\/www.bio-hc.fr\/en\/?s={search_term_string}"},"query-input":{"@type":"PropertyValueSpecification","valueRequired":true,"valueName":"search_term_string"}}],"inLanguage":"fr-FR"}]}},"_links":{"self":[{"href":"https:\/\/www.bio-hc.fr\/en\/wp-json\/wp\/v2\/pages\/89","targetHints":{"allow":["GET"]}}],"collection":[{"href":"https:\/\/www.bio-hc.fr\/en\/wp-json\/wp\/v2\/pages"}],"about":[{"href":"https:\/\/www.bio-hc.fr\/en\/wp-json\/wp\/v2\/types\/page"}],"author":[{"embeddable":true,"href":"https:\/\/www.bio-hc.fr\/en\/wp-json\/wp\/v2\/users\/1"}],"replies":[{"embeddable":true,"href":"https:\/\/www.bio-hc.fr\/en\/wp-json\/wp\/v2\/comments?post=89"}],"version-history":[{"count":9,"href":"https:\/\/www.bio-hc.fr\/en\/wp-json\/wp\/v2\/pages\/89\/revisions"}],"predecessor-version":[{"id":679,"href":"https:\/\/www.bio-hc.fr\/en\/wp-json\/wp\/v2\/pages\/89\/revisions\/679"}],"wp:attachment":[{"href":"https:\/\/www.bio-hc.fr\/en\/wp-json\/wp\/v2\/media?parent=89"}],"curies":[{"name":"wp","href":"https:\/\/api.w.org\/{rel}","templated":true}]}}